{"id":455,"date":"2023-02-02T19:18:45","date_gmt":"2023-02-02T19:18:45","guid":{"rendered":"https:\/\/itielinformatica.com.br\/?page_id=455"},"modified":"2023-02-02T19:46:48","modified_gmt":"2023-02-02T19:46:48","slug":"backup-de-seguranca-na-nuvem","status":"publish","type":"page","link":"https:\/\/itielinformatica.com.br\/index.php\/backup-de-seguranca-na-nuvem\/","title":{"rendered":"Backup de Seguran\u00e7a na nuvem."},"content":{"rendered":"\t\t<div data-elementor-type=\"wp-page\" data-elementor-id=\"455\" class=\"elementor elementor-455\">\n\t\t\t\t\t\t\t\t\t<section class=\"elementor-section elementor-top-section elementor-element elementor-element-daa0791 elementor-section-boxed elementor-section-height-default elementor-section-height-default\" data-id=\"daa0791\" data-element_type=\"section\" data-settings=\"{&quot;background_background&quot;:&quot;classic&quot;}\">\n\t\t\t\t\t\t<div class=\"elementor-container elementor-column-gap-default\">\n\t\t\t\t\t<div class=\"elementor-column elementor-col-100 elementor-top-column elementor-element elementor-element-f05d2e6\" data-id=\"f05d2e6\" data-element_type=\"column\">\n\t\t\t<div class=\"elementor-widget-wrap elementor-element-populated\">\n\t\t\t\t\t\t\t\t<div class=\"elementor-element elementor-element-31f6f49 elementor-widget elementor-widget-spacer\" data-id=\"31f6f49\" data-element_type=\"widget\" data-widget_type=\"spacer.default\">\n\t\t\t\t<div class=\"elementor-widget-container\">\n\t\t\t<style>\/*! elementor - v3.10.2 - 29-01-2023 *\/\n.elementor-column .elementor-spacer-inner{height:var(--spacer-size)}.e-con{--container-widget-width:100%}.e-con-inner>.elementor-widget-spacer,.e-con>.elementor-widget-spacer{width:var(--container-widget-width,var(--spacer-size));--align-self:var(--container-widget-align-self,initial);--flex-shrink:0}.e-con-inner>.elementor-widget-spacer>.elementor-widget-container,.e-con-inner>.elementor-widget-spacer>.elementor-widget-container>.elementor-spacer,.e-con>.elementor-widget-spacer>.elementor-widget-container,.e-con>.elementor-widget-spacer>.elementor-widget-container>.elementor-spacer{height:100%}.e-con-inner>.elementor-widget-spacer>.elementor-widget-container>.elementor-spacer>.elementor-spacer-inner,.e-con>.elementor-widget-spacer>.elementor-widget-container>.elementor-spacer>.elementor-spacer-inner{height:var(--container-widget-height,var(--spacer-size))}<\/style>\t\t<div class=\"elementor-spacer\">\n\t\t\t<div class=\"elementor-spacer-inner\"><\/div>\n\t\t<\/div>\n\t\t\t\t<\/div>\n\t\t\t\t<\/div>\n\t\t\t\t\t<\/div>\n\t\t<\/div>\n\t\t\t\t\t\t\t<\/div>\n\t\t<\/section>\n\t\t\t\t<section class=\"elementor-section elementor-top-section elementor-element elementor-element-3c9c42d elementor-section-boxed elementor-section-height-default elementor-section-height-default\" data-id=\"3c9c42d\" data-element_type=\"section\" data-settings=\"{&quot;background_background&quot;:&quot;classic&quot;}\">\n\t\t\t\t\t\t<div class=\"elementor-container elementor-column-gap-default\">\n\t\t\t\t\t<div class=\"elementor-column elementor-col-100 elementor-top-column elementor-element elementor-element-abd1a08\" data-id=\"abd1a08\" data-element_type=\"column\">\n\t\t\t<div class=\"elementor-widget-wrap elementor-element-populated\">\n\t\t\t\t\t\t\t\t<div class=\"elementor-element elementor-element-15bfde1 elementor-widget elementor-widget-heading\" data-id=\"15bfde1\" data-element_type=\"widget\" data-widget_type=\"heading.default\">\n\t\t\t\t<div class=\"elementor-widget-container\">\n\t\t\t<style>\/*! elementor - v3.10.2 - 29-01-2023 *\/\n.elementor-heading-title{padding:0;margin:0;line-height:1}.elementor-widget-heading .elementor-heading-title[class*=elementor-size-]>a{color:inherit;font-size:inherit;line-height:inherit}.elementor-widget-heading .elementor-heading-title.elementor-size-small{font-size:15px}.elementor-widget-heading .elementor-heading-title.elementor-size-medium{font-size:19px}.elementor-widget-heading .elementor-heading-title.elementor-size-large{font-size:29px}.elementor-widget-heading .elementor-heading-title.elementor-size-xl{font-size:39px}.elementor-widget-heading .elementor-heading-title.elementor-size-xxl{font-size:59px}<\/style><h1 class=\"elementor-heading-title elementor-size-default\">Servi\u00e7os de Backup na nuvem<\/h1>\t\t<\/div>\n\t\t\t\t<\/div>\n\t\t\t\t\t<\/div>\n\t\t<\/div>\n\t\t\t\t\t\t\t<\/div>\n\t\t<\/section>\n\t\t\t\t<section class=\"elementor-section elementor-top-section elementor-element elementor-element-a379550 elementor-section-boxed elementor-section-height-default elementor-section-height-default\" data-id=\"a379550\" data-element_type=\"section\" data-settings=\"{&quot;background_background&quot;:&quot;classic&quot;}\">\n\t\t\t\t\t\t<div class=\"elementor-container elementor-column-gap-default\">\n\t\t\t\t\t<div class=\"elementor-column elementor-col-100 elementor-top-column elementor-element elementor-element-0bd79d1\" data-id=\"0bd79d1\" data-element_type=\"column\">\n\t\t\t<div class=\"elementor-widget-wrap elementor-element-populated\">\n\t\t\t\t\t\t\t\t<div class=\"elementor-element elementor-element-e813f35 elementor-widget elementor-widget-heading\" data-id=\"e813f35\" data-element_type=\"widget\" data-widget_type=\"heading.default\">\n\t\t\t\t<div class=\"elementor-widget-container\">\n\t\t\t<h1 class=\"elementor-heading-title elementor-size-default\">Seguran\u00e7a de dados? Backup em nuvem \u00e9 a solu\u00e7\u00e3o!<\/h1>\t\t<\/div>\n\t\t\t\t<\/div>\n\t\t\t\t\t<\/div>\n\t\t<\/div>\n\t\t\t\t\t\t\t<\/div>\n\t\t<\/section>\n\t\t\t\t<section class=\"elementor-section elementor-top-section elementor-element elementor-element-addd5f3 elementor-section-boxed elementor-section-height-default elementor-section-height-default\" data-id=\"addd5f3\" data-element_type=\"section\" data-settings=\"{&quot;background_background&quot;:&quot;classic&quot;}\">\n\t\t\t\t\t\t<div class=\"elementor-container elementor-column-gap-default\">\n\t\t\t\t\t<div class=\"elementor-column elementor-col-100 elementor-top-column elementor-element elementor-element-4a9df6a\" data-id=\"4a9df6a\" data-element_type=\"column\">\n\t\t\t<div class=\"elementor-widget-wrap elementor-element-populated\">\n\t\t\t\t\t\t\t\t<div class=\"elementor-element elementor-element-fb4052e elementor-widget elementor-widget-text-editor\" data-id=\"fb4052e\" data-element_type=\"widget\" data-widget_type=\"text-editor.default\">\n\t\t\t\t<div class=\"elementor-widget-container\">\n\t\t\t<style>\/*! elementor - v3.10.2 - 29-01-2023 *\/\n.elementor-widget-text-editor.elementor-drop-cap-view-stacked .elementor-drop-cap{background-color:#818a91;color:#fff}.elementor-widget-text-editor.elementor-drop-cap-view-framed .elementor-drop-cap{color:#818a91;border:3px solid;background-color:transparent}.elementor-widget-text-editor:not(.elementor-drop-cap-view-default) .elementor-drop-cap{margin-top:8px}.elementor-widget-text-editor:not(.elementor-drop-cap-view-default) .elementor-drop-cap-letter{width:1em;height:1em}.elementor-widget-text-editor .elementor-drop-cap{float:left;text-align:center;line-height:1;font-size:50px}.elementor-widget-text-editor .elementor-drop-cap-letter{display:inline-block}<\/style>\t\t\t\tTEMPO DE LEITURA: 5 MINUTOS <p>Com a forte tend\u00eancia da Transforma\u00e7\u00e3o Digital no meio corporativo, uma das maiores miss\u00f5es das m\u00e9dias e grandes empresas, hoje em dia, \u00e9 conseguir lidar,de forma segura, com a vastid\u00e3o de informa\u00e7\u00f5es produzidas e trafegadas nas redes online diariamente. O irrevers\u00edvel avan\u00e7o da tecnologia da informa\u00e7\u00e3o e a infinidade de dados gerados a cada minuto indicam que, cada vez mais, a seguran\u00e7a de tudo que \u00e9 produzido se torna um aspecto primordial para o pleno funcionamento das corpora\u00e7\u00f5es.H\u00e1 algum tempo que, diante desse contexto de Big Data, a conscientiza\u00e7\u00e3o sobre a import\u00e2ncia de proteger dados e documentos em ambientes corporativos tem aumentado substancialmente.Mesmo que m\u00e9dias e grandes empresas ainda falhem na prote\u00e7\u00e3o de seu bem mais valioso, a informa\u00e7\u00e3o, e precisem passar por profundas mudan\u00e7as para que se tornem verdadeiramente seguras, o valor dado ao backup de tudo que \u00e9 produzido e recebido se tornou um consenso no meio corporativo, sobretudo em tempos nos quais ataques cibern\u00e9ticos ocorrem com certa frequ\u00eancia.De fato, com o alto fluxo de dados que trafegam nas redes online ou s\u00e3o produzidos em servidores internos todos os dias, a informa\u00e7\u00e3o, na mesma medida em que se tornou a alma de todo neg\u00f3cio, tamb\u00e9m est\u00e1 cada vez mais vulner\u00e1vel a ataques de hackers ou falhas nos equipamentos de TI.Nesse cen\u00e1rio, qualquer erro de seguran\u00e7a que coloque em risco a perda de documentos importantes, seja relacionados a simples processos di\u00e1rios de trabalho ou \u00e0s mais complexas estrat\u00e9gias de crescimento, pode resultar em irrevers\u00edveis preju\u00edzos \u00e0s corpora\u00e7\u00f5es. Por isso, as empresas devem investirfortemente em sistemas inteligentes de backup que sejam capazes de armazenar grandes quantidades de dados todos os dias. Continue acompanhando a leitura do nosso post para entender melhor:\t\t\t\t\t\t<\/div>\n\t\t\t\t<\/div>\n\t\t\t\t\t<\/div>\n\t\t<\/div>\n\t\t\t\t\t\t\t<\/div>\n\t\t<\/section>\n\t\t\t\t<section class=\"elementor-section elementor-top-section elementor-element elementor-element-58bfcf5 elementor-section-boxed elementor-section-height-default elementor-section-height-default\" data-id=\"58bfcf5\" data-element_type=\"section\" data-settings=\"{&quot;background_background&quot;:&quot;classic&quot;}\">\n\t\t\t\t\t\t<div class=\"elementor-container elementor-column-gap-default\">\n\t\t\t\t\t<div class=\"elementor-column elementor-col-100 elementor-top-column elementor-element elementor-element-118cb6e\" data-id=\"118cb6e\" data-element_type=\"column\">\n\t\t\t<div class=\"elementor-widget-wrap elementor-element-populated\">\n\t\t\t\t\t\t\t\t<div class=\"elementor-element elementor-element-28c0fe4 elementor-widget elementor-widget-spacer\" data-id=\"28c0fe4\" data-element_type=\"widget\" data-widget_type=\"spacer.default\">\n\t\t\t\t<div class=\"elementor-widget-container\">\n\t\t\t\t\t<div class=\"elementor-spacer\">\n\t\t\t<div class=\"elementor-spacer-inner\"><\/div>\n\t\t<\/div>\n\t\t\t\t<\/div>\n\t\t\t\t<\/div>\n\t\t\t\t\t<\/div>\n\t\t<\/div>\n\t\t\t\t\t\t\t<\/div>\n\t\t<\/section>\n\t\t\t\t<section class=\"elementor-section elementor-top-section elementor-element elementor-element-96da75e elementor-section-boxed elementor-section-height-default elementor-section-height-default\" data-id=\"96da75e\" data-element_type=\"section\" data-settings=\"{&quot;background_background&quot;:&quot;classic&quot;}\">\n\t\t\t\t\t\t<div class=\"elementor-container elementor-column-gap-default\">\n\t\t\t\t\t<div class=\"elementor-column elementor-col-100 elementor-top-column elementor-element elementor-element-8aa4768\" data-id=\"8aa4768\" data-element_type=\"column\">\n\t\t\t<div class=\"elementor-widget-wrap elementor-element-populated\">\n\t\t\t\t\t\t\t\t<div class=\"elementor-element elementor-element-087bb44 elementor-widget elementor-widget-heading\" data-id=\"087bb44\" data-element_type=\"widget\" data-widget_type=\"heading.default\">\n\t\t\t\t<div class=\"elementor-widget-container\">\n\t\t\t<h1 class=\"elementor-heading-title elementor-size-default\">Backup em nuvem: a solu\u00e7\u00e3omais completa e segura<\/h1>\t\t<\/div>\n\t\t\t\t<\/div>\n\t\t\t\t\t<\/div>\n\t\t<\/div>\n\t\t\t\t\t\t\t<\/div>\n\t\t<\/section>\n\t\t\t\t<section class=\"elementor-section elementor-top-section elementor-element elementor-element-86b18ca elementor-section-boxed elementor-section-height-default elementor-section-height-default\" data-id=\"86b18ca\" data-element_type=\"section\" data-settings=\"{&quot;background_background&quot;:&quot;classic&quot;}\">\n\t\t\t\t\t\t<div class=\"elementor-container elementor-column-gap-default\">\n\t\t\t\t\t<div class=\"elementor-column elementor-col-100 elementor-top-column elementor-element elementor-element-803ba01\" data-id=\"803ba01\" data-element_type=\"column\">\n\t\t\t<div class=\"elementor-widget-wrap elementor-element-populated\">\n\t\t\t\t\t\t\t\t<div class=\"elementor-element elementor-element-a907e7c elementor-widget elementor-widget-text-editor\" data-id=\"a907e7c\" data-element_type=\"widget\" data-widget_type=\"text-editor.default\">\n\t\t\t\t<div class=\"elementor-widget-container\">\n\t\t\t\t\t\t\t<div class=\"page\" data-page-number=\"2\" data-loaded=\"true\"><div class=\"textLayer\">\u00c9 evidente que perder informa\u00e7\u00f5es relacionadas a clientes, fornecedores,parceiros, concorrentes etc. pode causar um profundo impacto negativo na organiza\u00e7\u00e3o. Por isso, provavelmente todo gestor de TI tem plena no\u00e7\u00e3o sobre a import\u00e2ncia de se realizar backups peri\u00f3dicos nos arquivos produzidos e\/ou recebidos por sua organiza\u00e7\u00e3o.No entanto, a problem\u00e1tica nos dias atuais deve se deslocar de \u201co backup deve ser feito\u201d para \u201cquais as melhores ferramentas para um backup eficiente?\u201d. Nesse sentido, o backup em nuvem tem se mostrado a solu\u00e7\u00e3o mais inteligente, completa e segura.Com o backup realizado em nuvem, os dados estar\u00e3o sempre assegurados, dos mais antigos aos mais atuais, garantindo que as informa\u00e7\u00f5es sobre os clientes ou at\u00e9 mesmo os arquivos salvos pelos pr\u00f3prios colaboradores no \u00faltimo dia estejam dispon\u00edveis, a qualquer momento, para serem recuperados. Isso trar\u00e1 seguran\u00e7a em casos de desastre natural, preju\u00edzo por v\u00edrus, oscila\u00e7\u00e3o de energia, problemas de hardware, falhas f\u00edsicas ou humanas etc. O backup em nuvem \u00e9 capaz de recuperar os dados da empresa com integridade, mantendo as mesmas configura\u00e7\u00f5es, bancos de dados e arquivos dos usu\u00e1rios.Por isso, confiar em backups realizados por ferramentas gratuitas ou feitos integralmente de forma manual n\u00e3o \u00e9 uma boa estrat\u00e9gia. Por mais que existam plataformas gratuitas com bons recursos, uma grande organiza\u00e7\u00e3o precisa contar com especialistas para resguardar suas informa\u00e7\u00f5es com o m\u00e1ximo de seguran\u00e7a poss\u00edvel<\/div><\/div>\t\t\t\t\t\t<\/div>\n\t\t\t\t<\/div>\n\t\t\t\t\t<\/div>\n\t\t<\/div>\n\t\t\t\t\t\t\t<\/div>\n\t\t<\/section>\n\t\t\t\t\t\t\t<\/div>\n\t\t","protected":false},"excerpt":{"rendered":"<p>Servi\u00e7os de Backup na nuvem Seguran\u00e7a de dados? Backup em nuvem \u00e9 a solu\u00e7\u00e3o! TEMPO DE LEITURA: 5 MINUTOS Com a forte tend\u00eancia da Transforma\u00e7\u00e3o Digital no meio corporativo, uma das maiores miss\u00f5es das m\u00e9dias e grandes empresas, hoje em dia, \u00e9 conseguir lidar,de forma segura, com a vastid\u00e3o de informa\u00e7\u00f5es produzidas e trafegadas nas [&hellip;]<\/p>\n","protected":false},"author":1,"featured_media":0,"parent":0,"menu_order":0,"comment_status":"closed","ping_status":"closed","template":"","meta":{"footnotes":""},"class_list":["post-455","page","type-page","status-publish","hentry"],"_links":{"self":[{"href":"https:\/\/itielinformatica.com.br\/index.php\/wp-json\/wp\/v2\/pages\/455","targetHints":{"allow":["GET"]}}],"collection":[{"href":"https:\/\/itielinformatica.com.br\/index.php\/wp-json\/wp\/v2\/pages"}],"about":[{"href":"https:\/\/itielinformatica.com.br\/index.php\/wp-json\/wp\/v2\/types\/page"}],"author":[{"embeddable":true,"href":"https:\/\/itielinformatica.com.br\/index.php\/wp-json\/wp\/v2\/users\/1"}],"replies":[{"embeddable":true,"href":"https:\/\/itielinformatica.com.br\/index.php\/wp-json\/wp\/v2\/comments?post=455"}],"version-history":[{"count":6,"href":"https:\/\/itielinformatica.com.br\/index.php\/wp-json\/wp\/v2\/pages\/455\/revisions"}],"predecessor-version":[{"id":489,"href":"https:\/\/itielinformatica.com.br\/index.php\/wp-json\/wp\/v2\/pages\/455\/revisions\/489"}],"wp:attachment":[{"href":"https:\/\/itielinformatica.com.br\/index.php\/wp-json\/wp\/v2\/media?parent=455"}],"curies":[{"name":"wp","href":"https:\/\/api.w.org\/{rel}","templated":true}]}}