{"id":411,"date":"2023-02-02T18:42:17","date_gmt":"2023-02-02T18:42:17","guid":{"rendered":"https:\/\/itielinformatica.com.br\/?page_id=411"},"modified":"2023-02-02T19:55:53","modified_gmt":"2023-02-02T19:55:53","slug":"manutencao-preventiva-e-corretiva","status":"publish","type":"page","link":"https:\/\/itielinformatica.com.br\/index.php\/manutencao-preventiva-e-corretiva\/","title":{"rendered":"Manuten\u00e7\u00e3o preventiva e corretiva."},"content":{"rendered":"\t\t<div data-elementor-type=\"wp-page\" data-elementor-id=\"411\" class=\"elementor elementor-411\">\n\t\t\t\t\t\t\t\t\t<section class=\"elementor-section elementor-top-section elementor-element elementor-element-1a6de81 elementor-section-boxed elementor-section-height-default elementor-section-height-default\" data-id=\"1a6de81\" data-element_type=\"section\" data-settings=\"{&quot;background_background&quot;:&quot;classic&quot;}\">\n\t\t\t\t\t\t<div class=\"elementor-container elementor-column-gap-default\">\n\t\t\t\t\t<div class=\"elementor-column elementor-col-100 elementor-top-column elementor-element elementor-element-4f77189\" data-id=\"4f77189\" data-element_type=\"column\">\n\t\t\t<div class=\"elementor-widget-wrap elementor-element-populated\">\n\t\t\t\t\t\t\t\t<div class=\"elementor-element elementor-element-0ec1bea elementor-widget elementor-widget-spacer\" data-id=\"0ec1bea\" data-element_type=\"widget\" data-widget_type=\"spacer.default\">\n\t\t\t\t<div class=\"elementor-widget-container\">\n\t\t\t<style>\/*! elementor - v3.10.2 - 29-01-2023 *\/\n.elementor-column .elementor-spacer-inner{height:var(--spacer-size)}.e-con{--container-widget-width:100%}.e-con-inner>.elementor-widget-spacer,.e-con>.elementor-widget-spacer{width:var(--container-widget-width,var(--spacer-size));--align-self:var(--container-widget-align-self,initial);--flex-shrink:0}.e-con-inner>.elementor-widget-spacer>.elementor-widget-container,.e-con-inner>.elementor-widget-spacer>.elementor-widget-container>.elementor-spacer,.e-con>.elementor-widget-spacer>.elementor-widget-container,.e-con>.elementor-widget-spacer>.elementor-widget-container>.elementor-spacer{height:100%}.e-con-inner>.elementor-widget-spacer>.elementor-widget-container>.elementor-spacer>.elementor-spacer-inner,.e-con>.elementor-widget-spacer>.elementor-widget-container>.elementor-spacer>.elementor-spacer-inner{height:var(--container-widget-height,var(--spacer-size))}<\/style>\t\t<div class=\"elementor-spacer\">\n\t\t\t<div class=\"elementor-spacer-inner\"><\/div>\n\t\t<\/div>\n\t\t\t\t<\/div>\n\t\t\t\t<\/div>\n\t\t\t\t\t<\/div>\n\t\t<\/div>\n\t\t\t\t\t\t\t<\/div>\n\t\t<\/section>\n\t\t\t\t<section class=\"elementor-section elementor-top-section elementor-element elementor-element-433cfed elementor-section-boxed elementor-section-height-default elementor-section-height-default\" data-id=\"433cfed\" data-element_type=\"section\" data-settings=\"{&quot;background_background&quot;:&quot;classic&quot;}\">\n\t\t\t\t\t\t<div class=\"elementor-container elementor-column-gap-default\">\n\t\t\t\t\t<div class=\"elementor-column elementor-col-100 elementor-top-column elementor-element elementor-element-13d3e54\" data-id=\"13d3e54\" data-element_type=\"column\">\n\t\t\t<div class=\"elementor-widget-wrap elementor-element-populated\">\n\t\t\t\t\t\t\t\t<div class=\"elementor-element elementor-element-8eda831 elementor-widget elementor-widget-heading\" data-id=\"8eda831\" data-element_type=\"widget\" data-widget_type=\"heading.default\">\n\t\t\t\t<div class=\"elementor-widget-container\">\n\t\t\t<style>\/*! elementor - v3.10.2 - 29-01-2023 *\/\n.elementor-heading-title{padding:0;margin:0;line-height:1}.elementor-widget-heading .elementor-heading-title[class*=elementor-size-]>a{color:inherit;font-size:inherit;line-height:inherit}.elementor-widget-heading .elementor-heading-title.elementor-size-small{font-size:15px}.elementor-widget-heading .elementor-heading-title.elementor-size-medium{font-size:19px}.elementor-widget-heading .elementor-heading-title.elementor-size-large{font-size:29px}.elementor-widget-heading .elementor-heading-title.elementor-size-xl{font-size:39px}.elementor-widget-heading .elementor-heading-title.elementor-size-xxl{font-size:59px}<\/style><h1 class=\"elementor-heading-title elementor-size-default\">Manuten\u00e7\u00e3o preventiva de computadores: <p>por que \u00e9 importante?<\/h1>\t\t<\/div>\n\t\t\t\t<\/div>\n\t\t\t\t\t<\/div>\n\t\t<\/div>\n\t\t\t\t\t\t\t<\/div>\n\t\t<\/section>\n\t\t\t\t<section class=\"elementor-section elementor-top-section elementor-element elementor-element-3bbb6fb elementor-section-boxed elementor-section-height-default elementor-section-height-default\" data-id=\"3bbb6fb\" data-element_type=\"section\" data-settings=\"{&quot;background_background&quot;:&quot;classic&quot;}\">\n\t\t\t\t\t\t<div class=\"elementor-container elementor-column-gap-default\">\n\t\t\t\t\t<div class=\"elementor-column elementor-col-100 elementor-top-column elementor-element elementor-element-dcf3bce\" data-id=\"dcf3bce\" data-element_type=\"column\">\n\t\t\t<div class=\"elementor-widget-wrap elementor-element-populated\">\n\t\t\t\t\t\t\t\t<div class=\"elementor-element elementor-element-020ac59 elementor-widget elementor-widget-heading\" data-id=\"020ac59\" data-element_type=\"widget\" data-widget_type=\"heading.default\">\n\t\t\t\t<div class=\"elementor-widget-container\">\n\t\t\t<h1 class=\"elementor-heading-title elementor-size-default\">Descomplique sua Gest\u00e3o Fiscal<\/h1>\t\t<\/div>\n\t\t\t\t<\/div>\n\t\t\t\t\t<\/div>\n\t\t<\/div>\n\t\t\t\t\t\t\t<\/div>\n\t\t<\/section>\n\t\t\t\t<section class=\"elementor-section elementor-top-section elementor-element elementor-element-a1f06d9 elementor-section-boxed elementor-section-height-default elementor-section-height-default\" data-id=\"a1f06d9\" data-element_type=\"section\" data-settings=\"{&quot;background_background&quot;:&quot;classic&quot;}\">\n\t\t\t\t\t\t<div class=\"elementor-container elementor-column-gap-default\">\n\t\t\t\t\t<div class=\"elementor-column elementor-col-100 elementor-top-column elementor-element elementor-element-9c2c0d2\" data-id=\"9c2c0d2\" data-element_type=\"column\">\n\t\t\t<div class=\"elementor-widget-wrap elementor-element-populated\">\n\t\t\t\t\t\t\t\t<div class=\"elementor-element elementor-element-9cf1839 elementor-widget elementor-widget-text-editor\" data-id=\"9cf1839\" data-element_type=\"widget\" data-widget_type=\"text-editor.default\">\n\t\t\t\t<div class=\"elementor-widget-container\">\n\t\t\t<style>\/*! elementor - v3.10.2 - 29-01-2023 *\/\n.elementor-widget-text-editor.elementor-drop-cap-view-stacked .elementor-drop-cap{background-color:#818a91;color:#fff}.elementor-widget-text-editor.elementor-drop-cap-view-framed .elementor-drop-cap{color:#818a91;border:3px solid;background-color:transparent}.elementor-widget-text-editor:not(.elementor-drop-cap-view-default) .elementor-drop-cap{margin-top:8px}.elementor-widget-text-editor:not(.elementor-drop-cap-view-default) .elementor-drop-cap-letter{width:1em;height:1em}.elementor-widget-text-editor .elementor-drop-cap{float:left;text-align:center;line-height:1;font-size:50px}.elementor-widget-text-editor .elementor-drop-cap-letter{display:inline-block}<\/style>\t\t\t\t<p>A manuten\u00e7\u00e3o preventiva \u00e9 uma a\u00e7\u00e3o cont\u00ednua de controle e monitoramento docomputador. O seu objetivo \u00e9 evitar problemas causados por falta de verifica\u00e7\u00f5esrotineiras em v\u00e1rios aspectos da m\u00e1quina, como excesso de poeira, falta deespa\u00e7o em disco e troca de pe\u00e7as antigas.Diferentemente da manuten\u00e7\u00e3o corretiva, na qual os reparos s\u00e3o feitos somente ap\u00f3s a ocorr\u00eancia de falhas, a preven\u00e7\u00e3o \u00e9 uma verifica\u00e7\u00e3o constante de um computador para que ele n\u00e3o estrague ou fique parado por muito tempo\u2014 na maioria das vezes, de forma repentina.<\/p>\t\t\t\t\t\t<\/div>\n\t\t\t\t<\/div>\n\t\t\t\t\t<\/div>\n\t\t<\/div>\n\t\t\t\t\t\t\t<\/div>\n\t\t<\/section>\n\t\t\t\t<section class=\"elementor-section elementor-top-section elementor-element elementor-element-a7b8854 elementor-section-boxed elementor-section-height-default elementor-section-height-default\" data-id=\"a7b8854\" data-element_type=\"section\" data-settings=\"{&quot;background_background&quot;:&quot;classic&quot;}\">\n\t\t\t\t\t\t<div class=\"elementor-container elementor-column-gap-default\">\n\t\t\t\t\t<div class=\"elementor-column elementor-col-100 elementor-top-column elementor-element elementor-element-24b283d\" data-id=\"24b283d\" data-element_type=\"column\">\n\t\t\t<div class=\"elementor-widget-wrap elementor-element-populated\">\n\t\t\t\t\t\t\t\t<div class=\"elementor-element elementor-element-c34d46a elementor-widget elementor-widget-spacer\" data-id=\"c34d46a\" data-element_type=\"widget\" data-widget_type=\"spacer.default\">\n\t\t\t\t<div class=\"elementor-widget-container\">\n\t\t\t\t\t<div class=\"elementor-spacer\">\n\t\t\t<div class=\"elementor-spacer-inner\"><\/div>\n\t\t<\/div>\n\t\t\t\t<\/div>\n\t\t\t\t<\/div>\n\t\t\t\t\t<\/div>\n\t\t<\/div>\n\t\t\t\t\t\t\t<\/div>\n\t\t<\/section>\n\t\t\t\t<section class=\"elementor-section elementor-top-section elementor-element elementor-element-3f2e4be elementor-section-boxed elementor-section-height-default elementor-section-height-default\" data-id=\"3f2e4be\" data-element_type=\"section\" data-settings=\"{&quot;background_background&quot;:&quot;classic&quot;}\">\n\t\t\t\t\t\t<div class=\"elementor-container elementor-column-gap-default\">\n\t\t\t\t\t<div class=\"elementor-column elementor-col-100 elementor-top-column elementor-element elementor-element-290e8d8\" data-id=\"290e8d8\" data-element_type=\"column\">\n\t\t\t<div class=\"elementor-widget-wrap elementor-element-populated\">\n\t\t\t\t\t\t\t\t<div class=\"elementor-element elementor-element-6ec0eb4 elementor-widget elementor-widget-heading\" data-id=\"6ec0eb4\" data-element_type=\"widget\" data-widget_type=\"heading.default\">\n\t\t\t\t<div class=\"elementor-widget-container\">\n\t\t\t<h1 class=\"elementor-heading-title elementor-size-default\">Por que fazer manuten\u00e7\u00e3o preventiva de computadores?<\/h1>\t\t<\/div>\n\t\t\t\t<\/div>\n\t\t\t\t\t<\/div>\n\t\t<\/div>\n\t\t\t\t\t\t\t<\/div>\n\t\t<\/section>\n\t\t\t\t<section class=\"elementor-section elementor-top-section elementor-element elementor-element-030a5b6 elementor-section-boxed elementor-section-height-default elementor-section-height-default\" data-id=\"030a5b6\" data-element_type=\"section\" data-settings=\"{&quot;background_background&quot;:&quot;classic&quot;}\">\n\t\t\t\t\t\t<div class=\"elementor-container elementor-column-gap-default\">\n\t\t\t\t\t<div class=\"elementor-column elementor-col-100 elementor-top-column elementor-element elementor-element-4bf869e\" data-id=\"4bf869e\" data-element_type=\"column\">\n\t\t\t<div class=\"elementor-widget-wrap elementor-element-populated\">\n\t\t\t\t\t\t\t\t<div class=\"elementor-element elementor-element-0234ced elementor-widget elementor-widget-text-editor\" data-id=\"0234ced\" data-element_type=\"widget\" data-widget_type=\"text-editor.default\">\n\t\t\t\t<div class=\"elementor-widget-container\">\n\t\t\t\t\t\t\t<p>O principal motivo para realizar a manuten\u00e7\u00e3o preventiva periodicamente \u00e9 aumentar a vida \u00fatil do computador. A manuten\u00e7\u00e3o gera economia na aquisi\u00e7\u00e3o de novas pe\u00e7as, evita problemas de produtividade com computadores lentos e indisponibilidade de sistemas por causa de falhas e superaquecimento.Os principais benef\u00edcios da manuten\u00e7\u00e3o preventiva de computadores s\u00e3o:<\/p><p>\u2022 aumento da performance de computadores que estavam lentos;<\/p><p>\u2022 refrigera\u00e7\u00e3o adequada dos componentes;<\/p><p>\u2022 diminui\u00e7\u00e3o do risco de infec\u00e7\u00e3o da m\u00e1quina por v\u00edrus e malwares.<\/p><p>Veja abaixo outras vantagens que a manuten\u00e7\u00e3o preventiva de computadores proporciona.<\/p>\t\t\t\t\t\t<\/div>\n\t\t\t\t<\/div>\n\t\t\t\t\t<\/div>\n\t\t<\/div>\n\t\t\t\t\t\t\t<\/div>\n\t\t<\/section>\n\t\t\t\t<section class=\"elementor-section elementor-top-section elementor-element elementor-element-c27ea6b elementor-section-boxed elementor-section-height-default elementor-section-height-default\" data-id=\"c27ea6b\" data-element_type=\"section\" data-settings=\"{&quot;background_background&quot;:&quot;classic&quot;}\">\n\t\t\t\t\t\t<div class=\"elementor-container elementor-column-gap-default\">\n\t\t\t\t\t<div class=\"elementor-column elementor-col-100 elementor-top-column elementor-element elementor-element-d397de0\" data-id=\"d397de0\" data-element_type=\"column\">\n\t\t\t<div class=\"elementor-widget-wrap elementor-element-populated\">\n\t\t\t\t\t\t\t\t<div class=\"elementor-element elementor-element-1a6d9e1 elementor-widget elementor-widget-spacer\" data-id=\"1a6d9e1\" data-element_type=\"widget\" data-widget_type=\"spacer.default\">\n\t\t\t\t<div class=\"elementor-widget-container\">\n\t\t\t\t\t<div class=\"elementor-spacer\">\n\t\t\t<div class=\"elementor-spacer-inner\"><\/div>\n\t\t<\/div>\n\t\t\t\t<\/div>\n\t\t\t\t<\/div>\n\t\t\t\t\t<\/div>\n\t\t<\/div>\n\t\t\t\t\t\t\t<\/div>\n\t\t<\/section>\n\t\t\t\t<section class=\"elementor-section elementor-top-section elementor-element elementor-element-d0d1940 elementor-section-boxed elementor-section-height-default elementor-section-height-default\" data-id=\"d0d1940\" data-element_type=\"section\" data-settings=\"{&quot;background_background&quot;:&quot;classic&quot;}\">\n\t\t\t\t\t\t<div class=\"elementor-container elementor-column-gap-default\">\n\t\t\t\t\t<div class=\"elementor-column elementor-col-100 elementor-top-column elementor-element elementor-element-67b977d\" data-id=\"67b977d\" data-element_type=\"column\">\n\t\t\t<div class=\"elementor-widget-wrap elementor-element-populated\">\n\t\t\t\t\t\t\t\t<div class=\"elementor-element elementor-element-92a48f4 elementor-widget elementor-widget-heading\" data-id=\"92a48f4\" data-element_type=\"widget\" data-widget_type=\"heading.default\">\n\t\t\t\t<div class=\"elementor-widget-container\">\n\t\t\t<h1 class=\"elementor-heading-title elementor-size-default\">Detec\u00e7\u00e3o precoce de problemas<\/h1>\t\t<\/div>\n\t\t\t\t<\/div>\n\t\t\t\t\t<\/div>\n\t\t<\/div>\n\t\t\t\t\t\t\t<\/div>\n\t\t<\/section>\n\t\t\t\t<section class=\"elementor-section elementor-top-section elementor-element elementor-element-1c93c37 elementor-section-boxed elementor-section-height-default elementor-section-height-default\" data-id=\"1c93c37\" data-element_type=\"section\" data-settings=\"{&quot;background_background&quot;:&quot;classic&quot;}\">\n\t\t\t\t\t\t<div class=\"elementor-container elementor-column-gap-default\">\n\t\t\t\t\t<div class=\"elementor-column elementor-col-100 elementor-top-column elementor-element elementor-element-ddf6b2c\" data-id=\"ddf6b2c\" data-element_type=\"column\">\n\t\t\t<div class=\"elementor-widget-wrap elementor-element-populated\">\n\t\t\t\t\t\t\t\t<div class=\"elementor-element elementor-element-3db57bb elementor-widget elementor-widget-text-editor\" data-id=\"3db57bb\" data-element_type=\"widget\" data-widget_type=\"text-editor.default\">\n\t\t\t\t<div class=\"elementor-widget-container\">\n\t\t\t\t\t\t\t<p>Os problemas nunca chegam com hora marcada, por mais que o seu computadorseja de boa qualidade, ele \u00e9 uma m\u00e1quina e pode falhar por v\u00e1rios motivos, dos mais simples, como uma poeirinha, at\u00e9 por algo mais s\u00e9rio, como um superaquecimento.A manuten\u00e7\u00e3o regular no seu computador permite que voc\u00ea identifique pequenos problemas antes que eles se tornem grandes. Al\u00e9m disso, a tend\u00eancia \u00e9 que o computador perca o seu desempenho com o passar do tempo. Nesse sentido, a manuten\u00e7\u00e3o ajuda a reduzir os poss\u00edveis impactos dessa a\u00e7\u00e3o.<\/p>\t\t\t\t\t\t<\/div>\n\t\t\t\t<\/div>\n\t\t\t\t\t<\/div>\n\t\t<\/div>\n\t\t\t\t\t\t\t<\/div>\n\t\t<\/section>\n\t\t\t\t<section class=\"elementor-section elementor-top-section elementor-element elementor-element-7039881 elementor-section-boxed elementor-section-height-default elementor-section-height-default\" data-id=\"7039881\" data-element_type=\"section\" data-settings=\"{&quot;background_background&quot;:&quot;classic&quot;}\">\n\t\t\t\t\t\t<div class=\"elementor-container elementor-column-gap-default\">\n\t\t\t\t\t<div class=\"elementor-column elementor-col-100 elementor-top-column elementor-element elementor-element-9927f79\" data-id=\"9927f79\" data-element_type=\"column\">\n\t\t\t<div class=\"elementor-widget-wrap elementor-element-populated\">\n\t\t\t\t\t\t\t\t<div class=\"elementor-element elementor-element-58ac193 elementor-widget elementor-widget-spacer\" data-id=\"58ac193\" data-element_type=\"widget\" data-widget_type=\"spacer.default\">\n\t\t\t\t<div class=\"elementor-widget-container\">\n\t\t\t\t\t<div class=\"elementor-spacer\">\n\t\t\t<div class=\"elementor-spacer-inner\"><\/div>\n\t\t<\/div>\n\t\t\t\t<\/div>\n\t\t\t\t<\/div>\n\t\t\t\t\t<\/div>\n\t\t<\/div>\n\t\t\t\t\t\t\t<\/div>\n\t\t<\/section>\n\t\t\t\t<section class=\"elementor-section elementor-top-section elementor-element elementor-element-3aeb230 elementor-section-boxed elementor-section-height-default elementor-section-height-default\" data-id=\"3aeb230\" data-element_type=\"section\" data-settings=\"{&quot;background_background&quot;:&quot;classic&quot;}\">\n\t\t\t\t\t\t<div class=\"elementor-container elementor-column-gap-default\">\n\t\t\t\t\t<div class=\"elementor-column elementor-col-100 elementor-top-column elementor-element elementor-element-5860f13\" data-id=\"5860f13\" data-element_type=\"column\">\n\t\t\t<div class=\"elementor-widget-wrap elementor-element-populated\">\n\t\t\t\t\t\t\t\t<div class=\"elementor-element elementor-element-9a6d751 elementor-widget elementor-widget-heading\" data-id=\"9a6d751\" data-element_type=\"widget\" data-widget_type=\"heading.default\">\n\t\t\t\t<div class=\"elementor-widget-container\">\n\t\t\t<h1 class=\"elementor-heading-title elementor-size-default\">Preven\u00e7\u00e3o contra v\u00edrus e malware<\/h1>\t\t<\/div>\n\t\t\t\t<\/div>\n\t\t\t\t\t<\/div>\n\t\t<\/div>\n\t\t\t\t\t\t\t<\/div>\n\t\t<\/section>\n\t\t\t\t<section class=\"elementor-section elementor-top-section elementor-element elementor-element-9edf584 elementor-section-boxed elementor-section-height-default elementor-section-height-default\" data-id=\"9edf584\" data-element_type=\"section\" data-settings=\"{&quot;background_background&quot;:&quot;classic&quot;}\">\n\t\t\t\t\t\t<div class=\"elementor-container elementor-column-gap-default\">\n\t\t\t\t\t<div class=\"elementor-column elementor-col-100 elementor-top-column elementor-element elementor-element-b92fa5f\" data-id=\"b92fa5f\" data-element_type=\"column\">\n\t\t\t<div class=\"elementor-widget-wrap elementor-element-populated\">\n\t\t\t\t\t\t\t\t<div class=\"elementor-element elementor-element-4a4987a elementor-widget elementor-widget-text-editor\" data-id=\"4a4987a\" data-element_type=\"widget\" data-widget_type=\"text-editor.default\">\n\t\t\t\t<div class=\"elementor-widget-container\">\n\t\t\t\t\t\t\t<p>N\u00e3o importa quantas vezes escaneamos os nossos computadores ou executamos verifica\u00e7\u00f5es de v\u00edrus, eles ainda est\u00e3o vulner\u00e1veis a amea\u00e7as de todos os tipos.Existem in\u00fameros v\u00edrus e malwares prontos para achar um hospedeiro e h\u00e1 outros sendo criados todos os dias.Alguns apenas diminuem o tempo de processamento do computador ou fazem aparecer mensagens pop ups, mas outros podem infectar sistemas operacionais inteiros. Quando isso ocorre em casa ou em uma empresa, o impacto \u00e9 grande e ocusto para recuperar a m\u00e1quina pode ser caro, al\u00e9m de provocar outras perdas financeiras para o neg\u00f3cio, como a diminui\u00e7\u00e3o da produtividade.A manuten\u00e7\u00e3o preventiva ajuda a afastar os v\u00edrus e malware, mantendo o computador funcionando perfeitamente. O fator primordial \u00e9 a manuten\u00e7\u00e3o do software de antiv\u00edrus atualizado para que ele trabalhe com o m\u00e1ximo de sua capacidade.<\/p>\t\t\t\t\t\t<\/div>\n\t\t\t\t<\/div>\n\t\t\t\t\t<\/div>\n\t\t<\/div>\n\t\t\t\t\t\t\t<\/div>\n\t\t<\/section>\n\t\t\t\t<section class=\"elementor-section elementor-top-section elementor-element elementor-element-ced3bba elementor-section-boxed elementor-section-height-default elementor-section-height-default\" data-id=\"ced3bba\" data-element_type=\"section\" data-settings=\"{&quot;background_background&quot;:&quot;classic&quot;}\">\n\t\t\t\t\t\t<div class=\"elementor-container elementor-column-gap-default\">\n\t\t\t\t\t<div class=\"elementor-column elementor-col-100 elementor-top-column elementor-element elementor-element-6560e61\" data-id=\"6560e61\" data-element_type=\"column\">\n\t\t\t<div class=\"elementor-widget-wrap elementor-element-populated\">\n\t\t\t\t\t\t\t\t<div class=\"elementor-element elementor-element-f076b0d elementor-widget elementor-widget-spacer\" data-id=\"f076b0d\" data-element_type=\"widget\" data-widget_type=\"spacer.default\">\n\t\t\t\t<div class=\"elementor-widget-container\">\n\t\t\t\t\t<div class=\"elementor-spacer\">\n\t\t\t<div class=\"elementor-spacer-inner\"><\/div>\n\t\t<\/div>\n\t\t\t\t<\/div>\n\t\t\t\t<\/div>\n\t\t\t\t\t<\/div>\n\t\t<\/div>\n\t\t\t\t\t\t\t<\/div>\n\t\t<\/section>\n\t\t\t\t<section class=\"elementor-section elementor-top-section elementor-element elementor-element-2346631 elementor-section-boxed elementor-section-height-default elementor-section-height-default\" data-id=\"2346631\" data-element_type=\"section\" data-settings=\"{&quot;background_background&quot;:&quot;classic&quot;}\">\n\t\t\t\t\t\t<div class=\"elementor-container elementor-column-gap-default\">\n\t\t\t\t\t<div class=\"elementor-column elementor-col-100 elementor-top-column elementor-element elementor-element-7f9c84e\" data-id=\"7f9c84e\" data-element_type=\"column\">\n\t\t\t<div class=\"elementor-widget-wrap elementor-element-populated\">\n\t\t\t\t\t\t\t\t<div class=\"elementor-element elementor-element-ca989bb elementor-widget elementor-widget-heading\" data-id=\"ca989bb\" data-element_type=\"widget\" data-widget_type=\"heading.default\">\n\t\t\t\t<div class=\"elementor-widget-container\">\n\t\t\t<h1 class=\"elementor-heading-title elementor-size-default\">Melhora o desempenho da sua m\u00e1quina<\/h1>\t\t<\/div>\n\t\t\t\t<\/div>\n\t\t\t\t\t<\/div>\n\t\t<\/div>\n\t\t\t\t\t\t\t<\/div>\n\t\t<\/section>\n\t\t\t\t<section class=\"elementor-section elementor-top-section elementor-element elementor-element-beba7f4 elementor-section-boxed elementor-section-height-default elementor-section-height-default\" data-id=\"beba7f4\" data-element_type=\"section\" data-settings=\"{&quot;background_background&quot;:&quot;classic&quot;}\">\n\t\t\t\t\t\t<div class=\"elementor-container elementor-column-gap-default\">\n\t\t\t\t\t<div class=\"elementor-column elementor-col-100 elementor-top-column elementor-element elementor-element-1908e99\" data-id=\"1908e99\" data-element_type=\"column\">\n\t\t\t<div class=\"elementor-widget-wrap elementor-element-populated\">\n\t\t\t\t\t\t\t\t<div class=\"elementor-element elementor-element-83ca7b0 elementor-widget elementor-widget-text-editor\" data-id=\"83ca7b0\" data-element_type=\"widget\" data-widget_type=\"text-editor.default\">\n\t\t\t\t<div class=\"elementor-widget-container\">\n\t\t\t\t\t\t\t<p>Um computador lento atrapalha a produtividade de qualquer pessoa e, dentro de uma empresa, se somarmos todos os PCs, a perda de produtividade pode custar caro. Como j\u00e1 falamos acima, com o tempo, a tend\u00eancia \u00e9 que os nossos computadores percam o desempenho, n\u00e3o apenas pelo ac\u00famulo de sujeira ou envelhecimento dos componentes internos.O excesso de arquivos criados que provocam desorganiza\u00e7\u00e3o e fragmenta\u00e7\u00e3o dos dados, a longo prazo, pode reduzir o processamento. Com a manuten\u00e7\u00e3o preventiva, eliminando arquivos inutilizados e os tempor\u00e1rios, al\u00e9m da desfragmenta\u00e7\u00e3o de disco regular, esse problema \u00e9 reduzido. <\/p>\t\t\t\t\t\t<\/div>\n\t\t\t\t<\/div>\n\t\t\t\t\t<\/div>\n\t\t<\/div>\n\t\t\t\t\t\t\t<\/div>\n\t\t<\/section>\n\t\t\t\t\t\t\t<\/div>\n\t\t","protected":false},"excerpt":{"rendered":"<p>Manuten\u00e7\u00e3o preventiva de computadores: por que \u00e9 importante? Descomplique sua Gest\u00e3o Fiscal A manuten\u00e7\u00e3o preventiva \u00e9 uma a\u00e7\u00e3o cont\u00ednua de controle e monitoramento docomputador. O seu objetivo \u00e9 evitar problemas causados por falta de verifica\u00e7\u00f5esrotineiras em v\u00e1rios aspectos da m\u00e1quina, como excesso de poeira, falta deespa\u00e7o em disco e troca de pe\u00e7as antigas.Diferentemente da manuten\u00e7\u00e3o [&hellip;]<\/p>\n","protected":false},"author":1,"featured_media":0,"parent":0,"menu_order":0,"comment_status":"closed","ping_status":"closed","template":"","meta":{"footnotes":""},"class_list":["post-411","page","type-page","status-publish","hentry"],"_links":{"self":[{"href":"https:\/\/itielinformatica.com.br\/index.php\/wp-json\/wp\/v2\/pages\/411","targetHints":{"allow":["GET"]}}],"collection":[{"href":"https:\/\/itielinformatica.com.br\/index.php\/wp-json\/wp\/v2\/pages"}],"about":[{"href":"https:\/\/itielinformatica.com.br\/index.php\/wp-json\/wp\/v2\/types\/page"}],"author":[{"embeddable":true,"href":"https:\/\/itielinformatica.com.br\/index.php\/wp-json\/wp\/v2\/users\/1"}],"replies":[{"embeddable":true,"href":"https:\/\/itielinformatica.com.br\/index.php\/wp-json\/wp\/v2\/comments?post=411"}],"version-history":[{"count":30,"href":"https:\/\/itielinformatica.com.br\/index.php\/wp-json\/wp\/v2\/pages\/411\/revisions"}],"predecessor-version":[{"id":504,"href":"https:\/\/itielinformatica.com.br\/index.php\/wp-json\/wp\/v2\/pages\/411\/revisions\/504"}],"wp:attachment":[{"href":"https:\/\/itielinformatica.com.br\/index.php\/wp-json\/wp\/v2\/media?parent=411"}],"curies":[{"name":"wp","href":"https:\/\/api.w.org\/{rel}","templated":true}]}}